{"id":1232,"date":"2022-06-29T16:01:10","date_gmt":"2022-06-29T16:01:10","guid":{"rendered":"https:\/\/pink.flywheelstaging.com\/?page_id=1232"},"modified":"2023-09-18T16:31:49","modified_gmt":"2023-09-18T16:31:49","slug":"manuella","status":"publish","type":"page","link":"https:\/\/la-vie-en-rose.vifordis.fr\/en\/manuella\/","title":{"rendered":"Manuella"},"content":{"rendered":"<div data-elementor-type=\"wp-page\" data-elementor-id=\"1232\" class=\"elementor elementor-1232\">\n\t\t\t\t\t\t<div class=\"elementor-inner\">\n\t\t\t\t<div class=\"elementor-section-wrap\">\n\t\t\t\t\t\t\t\t\t<section class=\"elementor-section elementor-top-section elementor-element elementor-element-83d5bd4 elementor-section-boxed elementor-section-height-default elementor-section-height-default\" data-id=\"83d5bd4\" data-element_type=\"section\" data-settings=\"{&quot;background_background&quot;:&quot;classic&quot;}\">\n\t\t\t\t\t\t<div class=\"elementor-container elementor-column-gap-default\">\n\t\t\t\t\t\t\t<div class=\"elementor-row\">\n\t\t\t\t\t<div class=\"elementor-column elementor-col-100 elementor-top-column elementor-element elementor-element-d9beaf8\" data-id=\"d9beaf8\" data-element_type=\"column\">\n\t\t\t<div class=\"elementor-column-wrap\">\n\t\t\t\t\t\t\t<div class=\"elementor-widget-wrap\">\n\t\t\t\t\t\t\t\t<\/div>\n\t\t\t\t\t<\/div>\n\t\t<\/div>\n\t\t\t\t\t\t\t\t<\/div>\n\t\t\t\t\t<\/div>\n\t\t<\/section>\n\t\t\t\t<section class=\"elementor-section elementor-top-section elementor-element elementor-element-49cc53a elementor-section-boxed elementor-section-height-default elementor-section-height-default\" data-id=\"49cc53a\" data-element_type=\"section\">\n\t\t\t\t\t\t<div class=\"elementor-container elementor-column-gap-default\">\n\t\t\t\t\t\t\t<div class=\"elementor-row\">\n\t\t\t\t\t<div class=\"elementor-column elementor-col-100 elementor-top-column elementor-element elementor-element-0a13b91\" data-id=\"0a13b91\" data-element_type=\"column\">\n\t\t\t<div class=\"elementor-column-wrap elementor-element-populated\">\n\t\t\t\t\t\t\t<div class=\"elementor-widget-wrap\">\n\t\t\t\t\t\t<div class=\"elementor-element elementor-element-8874882 elementor-widget elementor-widget-heading\" data-id=\"8874882\" data-element_type=\"widget\" data-widget_type=\"heading.default\">\n\t\t\t\t<div class=\"elementor-widget-container\">\n\t\t\t<h1 class=\"elementor-heading-title elementor-size-default\">MANUELLA<\/h1>\t\t<\/div>\n\t\t\t\t<\/div>\n\t\t\t\t<div class=\"elementor-element elementor-element-9f0e7b9 elementor-widget-divider--view-line elementor-widget elementor-widget-divider\" data-id=\"9f0e7b9\" data-element_type=\"widget\" data-widget_type=\"divider.default\">\n\t\t\t\t<div class=\"elementor-widget-container\">\n\t\t\t\t\t<div class=\"elementor-divider\">\n\t\t\t<span class=\"elementor-divider-separator\">\n\t\t\t\t\t\t<\/span>\n\t\t<\/div>\n\t\t\t\t<\/div>\n\t\t\t\t<\/div>\n\t\t\t\t<div class=\"elementor-element elementor-element-464f8ff elementor-widget elementor-widget-heading\" data-id=\"464f8ff\" data-element_type=\"widget\" data-widget_type=\"heading.default\">\n\t\t\t\t<div class=\"elementor-widget-container\">\n\t\t\t<h3 class=\"elementor-heading-title elementor-size-default\">AN UNEXPECTED JOURNEY<\/h3>\t\t<\/div>\n\t\t\t\t<\/div>\n\t\t\t\t<div class=\"elementor-element elementor-element-3a40cab elementor-widget elementor-widget-text-editor\" data-id=\"3a40cab\" data-element_type=\"widget\" data-widget_type=\"text-editor.default\">\n\t\t\t\t<div class=\"elementor-widget-container\">\n\t\t\t\t\t\t\t\t<div class=\"elementor-text-editor elementor-clearfix\">\n\t\t\t\t<p>Apr\u00e8s une d\u00e9cennie d&#8217;addiction, la vie de Manuella a pris un tournant d\u00e9cisif gr\u00e2ce \u00e0 une rencontre avec Serge: un pionnier, cr\u00e9ateur d&#8217;une m\u00e9thode unique au monde pour lib\u00e9rer le potentiel humain.<\/p>\n<p>Cette rencontre a \u00e9t\u00e9 le point de d\u00e9part de sa transformation, lui permettant de sortir de l&#8217;obscurit\u00e9 et de devenir une consultante travaillant aux c\u00f4t\u00e9s de dirigeants de renomm\u00e9e mondiale.<\/p>\t\t\t\t\t<\/div>\n\t\t\t\t\t\t<\/div>\n\t\t\t\t<\/div>\n\t\t\t\t<div class=\"elementor-element elementor-element-5a61a4d elementor-widget elementor-widget-heading\" data-id=\"5a61a4d\" data-element_type=\"widget\" data-widget_type=\"heading.default\">\n\t\t\t\t<div class=\"elementor-widget-container\">\n\t\t\t<h3 class=\"elementor-heading-title elementor-size-default\">REVOLUTIONIZING  WELL-BEING AND PERFORMANCE<\/h3>\t\t<\/div>\n\t\t\t\t<\/div>\n\t\t\t\t<div class=\"elementor-element elementor-element-a74ee20 mb0 elementor-widget elementor-widget-text-editor\" data-id=\"a74ee20\" data-element_type=\"widget\" data-widget_type=\"text-editor.default\">\n\t\t\t\t<div class=\"elementor-widget-container\">\n\t\t\t\t\t\t\t\t<div class=\"elementor-text-editor elementor-clearfix\">\n\t\t\t\t<p>Ces m\u00e9thodes uniques au monde, inimitables et imbattables ont \u00e9t\u00e9 utilis\u00e9es de fa\u00e7on confidentielle aupr\u00e8s d&#8217;\u00e9lites du monde des affaires et du sport pendant plus d&#8217;une d\u00e9cennie, propulsant performances et bien-\u00eatre \u00e0 des niveaux sans pr\u00e9c\u00e9dent.<\/p><p>\u00a0<\/p>\t\t\t\t\t<\/div>\n\t\t\t\t\t\t<\/div>\n\t\t\t\t<\/div>\n\t\t\t\t<div class=\"elementor-element elementor-element-2004a0e elementor-align-center elementor-widget elementor-widget-button\" data-id=\"2004a0e\" data-element_type=\"widget\" data-widget_type=\"button.default\">\n\t\t\t\t<div class=\"elementor-widget-container\">\n\t\t\t\t\t<div class=\"elementor-button-wrapper\">\n\t\t\t<a href=\"https:\/\/la-vie-en-rose.vifordis.fr\/en\/mes-techniques\/\" class=\"elementor-button-link elementor-button elementor-size-xl\" role=\"button\">\n\t\t\t\t\t\t<span class=\"elementor-button-content-wrapper\">\n\t\t\t\t\t\t<span class=\"elementor-button-text\">SEE MORE<\/span>\n\t\t<\/span>\n\t\t\t\t\t<\/a>\n\t\t<\/div>\n\t\t\t\t<\/div>\n\t\t\t\t<\/div>\n\t\t\t\t<div class=\"elementor-element elementor-element-51cd870 elementor-widget elementor-widget-heading\" data-id=\"51cd870\" data-element_type=\"widget\" data-widget_type=\"heading.default\">\n\t\t\t\t<div class=\"elementor-widget-container\">\n\t\t\t<h3 class=\"elementor-heading-title elementor-size-default\">DISTINCTIVE PROFESSIONAL PATH<\/h3>\t\t<\/div>\n\t\t\t\t<\/div>\n\t\t\t\t<div class=\"elementor-element elementor-element-7839a0f elementor-widget elementor-widget-text-editor\" data-id=\"7839a0f\" data-element_type=\"widget\" data-widget_type=\"text-editor.default\">\n\t\t\t\t<div class=\"elementor-widget-container\">\n\t\t\t\t\t\t\t\t<div class=\"elementor-text-editor elementor-clearfix\">\n\t\t\t\t<p>Manuella worked with French governmental institutions (Health ministry, OFDT, MILDECA), mental health, prevention, addiction and education\u2019s organizations before moving to private consultancy. Here, she's empowered CEOs to reach unparalleled achievements.<\/p>\t\t\t\t\t<\/div>\n\t\t\t\t\t\t<\/div>\n\t\t\t\t<\/div>\n\t\t\t\t<div class=\"elementor-element elementor-element-0393720 elementor-widget elementor-widget-heading\" data-id=\"0393720\" data-element_type=\"widget\" data-widget_type=\"heading.default\">\n\t\t\t\t<div class=\"elementor-widget-container\">\n\t\t\t<h3 class=\"elementor-heading-title elementor-size-default\">SPEAKER: INSPIRING AND EDUCATING<\/h3>\t\t<\/div>\n\t\t\t\t<\/div>\n\t\t\t\t<div class=\"elementor-element elementor-element-3a485c0 elementor-widget elementor-widget-text-editor\" data-id=\"3a485c0\" data-element_type=\"widget\" data-widget_type=\"text-editor.default\">\n\t\t\t\t<div class=\"elementor-widget-container\">\n\t\t\t\t\t\t\t\t<div class=\"elementor-text-editor elementor-clearfix\">\n\t\t\t\t<p>Manuella is a passionate speaker. She leads sessions exploring unconventional paths to success and our untapped potential.<\/p>\t\t\t\t\t<\/div>\n\t\t\t\t\t\t<\/div>\n\t\t\t\t<\/div>\n\t\t\t\t<div class=\"elementor-element elementor-element-8109bd5 elementor-align-center elementor-widget elementor-widget-button\" data-id=\"8109bd5\" data-element_type=\"widget\" data-widget_type=\"button.default\">\n\t\t\t\t<div class=\"elementor-widget-container\">\n\t\t\t\t\t<div class=\"elementor-button-wrapper\">\n\t\t\t<a href=\"https:\/\/www.youtube.com\/watch?v=mt0pngr6DDQ\" target=\"_blank\" class=\"elementor-button-link elementor-button elementor-size-xl\" role=\"button\">\n\t\t\t\t\t\t<span class=\"elementor-button-content-wrapper\">\n\t\t\t\t\t\t<span class=\"elementor-button-text\">TEDx Talk at EmLyon business school<\/span>\n\t\t<\/span>\n\t\t\t\t\t<\/a>\n\t\t<\/div>\n\t\t\t\t<\/div>\n\t\t\t\t<\/div>\n\t\t\t\t<div class=\"elementor-element elementor-element-b42baad elementor-widget elementor-widget-heading\" data-id=\"b42baad\" data-element_type=\"widget\" data-widget_type=\"heading.default\">\n\t\t\t\t<div class=\"elementor-widget-container\">\n\t\t\t<h3 class=\"elementor-heading-title elementor-size-default\">LEADERSHIP AND PHILANTHROPY<\/h3>\t\t<\/div>\n\t\t\t\t<\/div>\n\t\t\t\t<div class=\"elementor-element elementor-element-b70b5f8 elementor-widget elementor-widget-text-editor\" data-id=\"b70b5f8\" data-element_type=\"widget\" data-widget_type=\"text-editor.default\">\n\t\t\t\t<div class=\"elementor-widget-container\">\n\t\t\t\t\t\t\t\t<div class=\"elementor-text-editor elementor-clearfix\">\n\t\t\t\t<p>As President of La Vie en Rose, Manuella promotes happiness, empowers women, and fosters a positive and daring mindset. She aims to inspire positive personal change.<\/p>\t\t\t\t\t<\/div>\n\t\t\t\t\t\t<\/div>\n\t\t\t\t<\/div>\n\t\t\t\t<div class=\"elementor-element elementor-element-7900da7 elementor-widget elementor-widget-video\" data-id=\"7900da7\" data-element_type=\"widget\" data-settings=\"{&quot;youtube_url&quot;:&quot;https:\\\/\\\/youtu.be\\\/p0YMCOM9qPA&quot;,&quot;video_type&quot;:&quot;youtube&quot;,&quot;controls&quot;:&quot;yes&quot;}\" data-widget_type=\"video.default\">\n\t\t\t\t<div class=\"elementor-widget-container\">\n\t\t\t\t\t<div class=\"elementor-wrapper elementor-open-inline\">\n\t\t\t<div class=\"elementor-video\"><\/div>\t\t<\/div>\n\t\t\t\t<\/div>\n\t\t\t\t<\/div>\n\t\t\t\t<div class=\"elementor-element elementor-element-fc2de9a elementor-widget elementor-widget-spacer\" data-id=\"fc2de9a\" data-element_type=\"widget\" data-widget_type=\"spacer.default\">\n\t\t\t\t<div class=\"elementor-widget-container\">\n\t\t\t\t\t<div class=\"elementor-spacer\">\n\t\t\t<div class=\"elementor-spacer-inner\"><\/div>\n\t\t<\/div>\n\t\t\t\t<\/div>\n\t\t\t\t<\/div>\n\t\t\t\t\t\t<\/div>\n\t\t\t\t\t<\/div>\n\t\t<\/div>\n\t\t\t\t\t\t\t\t<\/div>\n\t\t\t\t\t<\/div>\n\t\t<\/section>\n\t\t\t\t\t\t\t\t\t<\/div>\n\t\t\t<\/div>\n\t\t\t\t\t<\/div>","protected":false},"excerpt":{"rendered":"<p>MANUELLA UN PARCOURS ATYPIQUE Apr\u00e8s une d\u00e9cennie d&#8217;addiction, la vie de Manuella a pris un tournant d\u00e9cisif gr\u00e2ce \u00e0 une rencontre avec Serge: un pionnier, cr\u00e9ateur d&#8217;une m\u00e9thode unique au monde pour lib\u00e9rer le potentiel humain. Cette rencontre a \u00e9t\u00e9 le point de d\u00e9part de sa transformation, lui permettant de sortir de l&#8217;obscurit\u00e9 et de &hellip;<\/p>\n<p class=\"read-more\"> <a class=\"\" href=\"https:\/\/la-vie-en-rose.vifordis.fr\/en\/manuella\/\"> <span class=\"screen-reader-text\">Manuella<\/span> Read More &raquo;<\/a><\/p>","protected":false},"author":3,"featured_media":0,"parent":0,"menu_order":0,"comment_status":"closed","ping_status":"closed","template":"","meta":{"site-sidebar-layout":"no-sidebar","site-content-layout":"page-builder","ast-global-header-display":"","ast-main-header-display":"","ast-hfb-above-header-display":"","ast-hfb-below-header-display":"","ast-hfb-mobile-header-display":"","site-post-title":"disabled","ast-breadcrumbs-content":"","ast-featured-img":"disabled","footer-sml-layout":"","theme-transparent-header-meta":"default","adv-header-id-meta":"","stick-header-meta":"","header-above-stick-meta":"","header-main-stick-meta":"","header-below-stick-meta":"","footnotes":""},"yoast_head":"<!-- This site is optimized with the Yoast SEO plugin v22.2 - https:\/\/yoast.com\/wordpress\/plugins\/seo\/ -->\n<title>Manuella - La Vie en Rose<\/title>\n<meta name=\"robots\" content=\"index, follow, max-snippet:-1, max-image-preview:large, max-video-preview:-1\" \/>\n<link rel=\"canonical\" href=\"https:\/\/la-vie-en-rose.vifordis.fr\/en\/manuella\/\" \/>\n<meta property=\"og:locale\" content=\"en_US\" \/>\n<meta property=\"og:type\" content=\"article\" \/>\n<meta property=\"og:title\" content=\"Manuella - La Vie en Rose\" \/>\n<meta property=\"og:description\" content=\"MANUELLA UN PARCOURS ATYPIQUE Apr\u00e8s une d\u00e9cennie d&#8217;addiction, la vie de Manuella a pris un tournant d\u00e9cisif gr\u00e2ce \u00e0 une rencontre avec Serge: un pionnier, cr\u00e9ateur d&#8217;une m\u00e9thode unique au monde pour lib\u00e9rer le potentiel humain. Cette rencontre a \u00e9t\u00e9 le point de d\u00e9part de sa transformation, lui permettant de sortir de l&#8217;obscurit\u00e9 et de &hellip; Manuella Read More &raquo;\" \/>\n<meta property=\"og:url\" content=\"https:\/\/la-vie-en-rose.vifordis.fr\/en\/manuella\/\" \/>\n<meta property=\"og:site_name\" content=\"La Vie en Rose\" \/>\n<meta property=\"article:publisher\" content=\"https:\/\/www.facebook.com\/l4liberty\" \/>\n<meta property=\"article:modified_time\" content=\"2023-09-18T16:31:49+00:00\" \/>\n<meta name=\"twitter:card\" content=\"summary_large_image\" \/>\n<meta name=\"twitter:label1\" content=\"Est. reading time\" \/>\n\t<meta name=\"twitter:data1\" content=\"2 minutes\" \/>\n<script type=\"application\/ld+json\" class=\"yoast-schema-graph\">{\"@context\":\"https:\/\/schema.org\",\"@graph\":[{\"@type\":\"WebPage\",\"@id\":\"https:\/\/la-vie-en-rose.vifordis.fr\/en\/manuella\/\",\"url\":\"https:\/\/la-vie-en-rose.vifordis.fr\/en\/manuella\/\",\"name\":\"Manuella - La Vie en Rose\",\"isPartOf\":{\"@id\":\"https:\/\/la-vie-en-rose.vifordis.fr\/en\/#website\"},\"datePublished\":\"2022-06-29T16:01:10+00:00\",\"dateModified\":\"2023-09-18T16:31:49+00:00\",\"breadcrumb\":{\"@id\":\"https:\/\/la-vie-en-rose.vifordis.fr\/en\/manuella\/#breadcrumb\"},\"inLanguage\":\"en-US\",\"potentialAction\":[{\"@type\":\"ReadAction\",\"target\":[\"https:\/\/la-vie-en-rose.vifordis.fr\/en\/manuella\/\"]}]},{\"@type\":\"BreadcrumbList\",\"@id\":\"https:\/\/la-vie-en-rose.vifordis.fr\/en\/manuella\/#breadcrumb\",\"itemListElement\":[{\"@type\":\"ListItem\",\"position\":1,\"name\":\"Home\",\"item\":\"https:\/\/la-vie-en-rose.vifordis.fr\/en\/\"},{\"@type\":\"ListItem\",\"position\":2,\"name\":\"Manuella\"}]},{\"@type\":\"WebSite\",\"@id\":\"https:\/\/la-vie-en-rose.vifordis.fr\/en\/#website\",\"url\":\"https:\/\/la-vie-en-rose.vifordis.fr\/en\/\",\"name\":\"La Vie en Rose\",\"description\":\"\",\"publisher\":{\"@id\":\"https:\/\/la-vie-en-rose.vifordis.fr\/en\/#organization\"},\"potentialAction\":[{\"@type\":\"SearchAction\",\"target\":{\"@type\":\"EntryPoint\",\"urlTemplate\":\"https:\/\/la-vie-en-rose.vifordis.fr\/en\/?s={search_term_string}\"},\"query-input\":\"required name=search_term_string\"}],\"inLanguage\":\"en-US\"},{\"@type\":\"Organization\",\"@id\":\"https:\/\/la-vie-en-rose.vifordis.fr\/en\/#organization\",\"name\":\"La Vie en Rose Association\",\"url\":\"https:\/\/la-vie-en-rose.vifordis.fr\/en\/\",\"logo\":{\"@type\":\"ImageObject\",\"inLanguage\":\"en-US\",\"@id\":\"https:\/\/la-vie-en-rose.vifordis.fr\/en\/#\/schema\/logo\/image\/\",\"url\":\"https:\/\/la-vie-en-rose.vifordis.fr\/wp-content\/uploads\/2022\/07\/Long-Logo-2.png\",\"contentUrl\":\"https:\/\/la-vie-en-rose.vifordis.fr\/wp-content\/uploads\/2022\/07\/Long-Logo-2.png\",\"width\":3289,\"height\":978,\"caption\":\"La Vie en Rose Association\"},\"image\":{\"@id\":\"https:\/\/la-vie-en-rose.vifordis.fr\/en\/#\/schema\/logo\/image\/\"},\"sameAs\":[\"https:\/\/www.facebook.com\/l4liberty\",\"https:\/\/www.instagram.com\/l.for.liberty\/\",\"https:\/\/www.youtube.com\/channel\/UCZDhe3BCIlFZOuv5XdO4rLA\"]}]}<\/script>\n<!-- \/ Yoast SEO plugin. -->","yoast_head_json":{"title":"Manuella - La Vie en Rose","robots":{"index":"index","follow":"follow","max-snippet":"max-snippet:-1","max-image-preview":"max-image-preview:large","max-video-preview":"max-video-preview:-1"},"canonical":"https:\/\/la-vie-en-rose.vifordis.fr\/en\/manuella\/","og_locale":"en_US","og_type":"article","og_title":"Manuella - La Vie en Rose","og_description":"MANUELLA UN PARCOURS ATYPIQUE Apr\u00e8s une d\u00e9cennie d&#8217;addiction, la vie de Manuella a pris un tournant d\u00e9cisif gr\u00e2ce \u00e0 une rencontre avec Serge: un pionnier, cr\u00e9ateur d&#8217;une m\u00e9thode unique au monde pour lib\u00e9rer le potentiel humain. Cette rencontre a \u00e9t\u00e9 le point de d\u00e9part de sa transformation, lui permettant de sortir de l&#8217;obscurit\u00e9 et de &hellip; Manuella Read More &raquo;","og_url":"https:\/\/la-vie-en-rose.vifordis.fr\/en\/manuella\/","og_site_name":"La Vie en Rose","article_publisher":"https:\/\/www.facebook.com\/l4liberty","article_modified_time":"2023-09-18T16:31:49+00:00","twitter_card":"summary_large_image","twitter_misc":{"Est. reading time":"2 minutes"},"schema":{"@context":"https:\/\/schema.org","@graph":[{"@type":"WebPage","@id":"https:\/\/la-vie-en-rose.vifordis.fr\/en\/manuella\/","url":"https:\/\/la-vie-en-rose.vifordis.fr\/en\/manuella\/","name":"Manuella - La Vie en Rose","isPartOf":{"@id":"https:\/\/la-vie-en-rose.vifordis.fr\/en\/#website"},"datePublished":"2022-06-29T16:01:10+00:00","dateModified":"2023-09-18T16:31:49+00:00","breadcrumb":{"@id":"https:\/\/la-vie-en-rose.vifordis.fr\/en\/manuella\/#breadcrumb"},"inLanguage":"en-US","potentialAction":[{"@type":"ReadAction","target":["https:\/\/la-vie-en-rose.vifordis.fr\/en\/manuella\/"]}]},{"@type":"BreadcrumbList","@id":"https:\/\/la-vie-en-rose.vifordis.fr\/en\/manuella\/#breadcrumb","itemListElement":[{"@type":"ListItem","position":1,"name":"Home","item":"https:\/\/la-vie-en-rose.vifordis.fr\/en\/"},{"@type":"ListItem","position":2,"name":"Manuella"}]},{"@type":"WebSite","@id":"https:\/\/la-vie-en-rose.vifordis.fr\/en\/#website","url":"https:\/\/la-vie-en-rose.vifordis.fr\/en\/","name":"La Vie en Rose","description":"","publisher":{"@id":"https:\/\/la-vie-en-rose.vifordis.fr\/en\/#organization"},"potentialAction":[{"@type":"SearchAction","target":{"@type":"EntryPoint","urlTemplate":"https:\/\/la-vie-en-rose.vifordis.fr\/en\/?s={search_term_string}"},"query-input":"required name=search_term_string"}],"inLanguage":"en-US"},{"@type":"Organization","@id":"https:\/\/la-vie-en-rose.vifordis.fr\/en\/#organization","name":"La Vie en Rose Association","url":"https:\/\/la-vie-en-rose.vifordis.fr\/en\/","logo":{"@type":"ImageObject","inLanguage":"en-US","@id":"https:\/\/la-vie-en-rose.vifordis.fr\/en\/#\/schema\/logo\/image\/","url":"https:\/\/la-vie-en-rose.vifordis.fr\/wp-content\/uploads\/2022\/07\/Long-Logo-2.png","contentUrl":"https:\/\/la-vie-en-rose.vifordis.fr\/wp-content\/uploads\/2022\/07\/Long-Logo-2.png","width":3289,"height":978,"caption":"La Vie en Rose Association"},"image":{"@id":"https:\/\/la-vie-en-rose.vifordis.fr\/en\/#\/schema\/logo\/image\/"},"sameAs":["https:\/\/www.facebook.com\/l4liberty","https:\/\/www.instagram.com\/l.for.liberty\/","https:\/\/www.youtube.com\/channel\/UCZDhe3BCIlFZOuv5XdO4rLA"]}]}},"_links":{"self":[{"href":"https:\/\/la-vie-en-rose.vifordis.fr\/en\/wp-json\/wp\/v2\/pages\/1232"}],"collection":[{"href":"https:\/\/la-vie-en-rose.vifordis.fr\/en\/wp-json\/wp\/v2\/pages"}],"about":[{"href":"https:\/\/la-vie-en-rose.vifordis.fr\/en\/wp-json\/wp\/v2\/types\/page"}],"author":[{"embeddable":true,"href":"https:\/\/la-vie-en-rose.vifordis.fr\/en\/wp-json\/wp\/v2\/users\/3"}],"replies":[{"embeddable":true,"href":"https:\/\/la-vie-en-rose.vifordis.fr\/en\/wp-json\/wp\/v2\/comments?post=1232"}],"version-history":[{"count":10,"href":"https:\/\/la-vie-en-rose.vifordis.fr\/en\/wp-json\/wp\/v2\/pages\/1232\/revisions"}],"predecessor-version":[{"id":4151,"href":"https:\/\/la-vie-en-rose.vifordis.fr\/en\/wp-json\/wp\/v2\/pages\/1232\/revisions\/4151"}],"wp:attachment":[{"href":"https:\/\/la-vie-en-rose.vifordis.fr\/en\/wp-json\/wp\/v2\/media?parent=1232"}],"curies":[{"name":"wp","href":"https:\/\/api.w.org\/{rel}","templated":true}]}}