{"id":2223,"date":"2023-03-19T17:39:23","date_gmt":"2023-03-19T17:39:23","guid":{"rendered":"https:\/\/pink.flywheelstaging.com\/?page_id=2223"},"modified":"2023-09-25T17:41:05","modified_gmt":"2023-09-25T17:41:05","slug":"become-ambassador","status":"publish","type":"page","link":"https:\/\/la-vie-en-rose.vifordis.fr\/fr\/become-ambassador\/","title":{"rendered":"Devenir Ambassadeur"},"content":{"rendered":"\t\t<div data-elementor-type=\"wp-page\" data-elementor-id=\"2223\" class=\"elementor elementor-2223\">\n\t\t\t\t\t\t<div class=\"elementor-inner\">\n\t\t\t\t<div class=\"elementor-section-wrap\">\n\t\t\t\t\t\t\t\t\t<section class=\"elementor-section elementor-top-section elementor-element elementor-element-fdba41b elementor-section-boxed elementor-section-height-default elementor-section-height-default\" data-id=\"fdba41b\" data-element_type=\"section\" data-settings=\"{&quot;background_background&quot;:&quot;classic&quot;}\">\n\t\t\t\t\t\t<div class=\"elementor-container elementor-column-gap-default\">\n\t\t\t\t\t\t\t<div class=\"elementor-row\">\n\t\t\t\t\t<div class=\"elementor-column elementor-col-100 elementor-top-column elementor-element elementor-element-2039a3a\" data-id=\"2039a3a\" data-element_type=\"column\">\n\t\t\t<div class=\"elementor-column-wrap\">\n\t\t\t\t\t\t\t<div class=\"elementor-widget-wrap\">\n\t\t\t\t\t\t\t\t<\/div>\n\t\t\t\t\t<\/div>\n\t\t<\/div>\n\t\t\t\t\t\t\t\t<\/div>\n\t\t\t\t\t<\/div>\n\t\t<\/section>\n\t\t\t\t<section class=\"elementor-section elementor-top-section elementor-element elementor-element-4450457 elementor-section-boxed elementor-section-height-default elementor-section-height-default\" data-id=\"4450457\" data-element_type=\"section\">\n\t\t\t\t\t\t<div class=\"elementor-container elementor-column-gap-default\">\n\t\t\t\t\t\t\t<div class=\"elementor-row\">\n\t\t\t\t\t<div class=\"elementor-column elementor-col-100 elementor-top-column elementor-element elementor-element-38a1380\" data-id=\"38a1380\" data-element_type=\"column\">\n\t\t\t<div class=\"elementor-column-wrap elementor-element-populated\">\n\t\t\t\t\t\t\t<div class=\"elementor-widget-wrap\">\n\t\t\t\t\t\t<div class=\"elementor-element elementor-element-b26e5f1 elementor-widget elementor-widget-heading\" data-id=\"b26e5f1\" data-element_type=\"widget\" data-widget_type=\"heading.default\">\n\t\t\t\t<div class=\"elementor-widget-container\">\n\t\t\t<h1 class=\"elementor-heading-title elementor-size-default\">DEVENIR AMBASSADEUR <\/h1>\t\t<\/div>\n\t\t\t\t<\/div>\n\t\t\t\t<div class=\"elementor-element elementor-element-8409b7a elementor-widget-divider--view-line elementor-widget elementor-widget-divider\" data-id=\"8409b7a\" data-element_type=\"widget\" data-widget_type=\"divider.default\">\n\t\t\t\t<div class=\"elementor-widget-container\">\n\t\t\t\t\t<div class=\"elementor-divider\">\n\t\t\t<span class=\"elementor-divider-separator\">\n\t\t\t\t\t\t<\/span>\n\t\t<\/div>\n\t\t\t\t<\/div>\n\t\t\t\t<\/div>\n\t\t\t\t<div class=\"elementor-element elementor-element-d5ec492 elementor-widget elementor-widget-heading\" data-id=\"d5ec492\" data-element_type=\"widget\" data-widget_type=\"heading.default\">\n\t\t\t\t<div class=\"elementor-widget-container\">\n\t\t\t<h2 class=\"elementor-heading-title elementor-size-default\">ENSEMBLE, NOUS POUVONS CONSTRUIRE UN MONDE MEILLEUR.<\/h2>\t\t<\/div>\n\t\t\t\t<\/div>\n\t\t\t\t<div class=\"elementor-element elementor-element-b0ae3f6 elementor-widget__width-initial mlra elementor-widget elementor-widget-text-editor\" data-id=\"b0ae3f6\" data-element_type=\"widget\" data-widget_type=\"text-editor.default\">\n\t\t\t\t<div class=\"elementor-widget-container\">\n\t\t\t\t\t\t\t\t<div class=\"elementor-text-editor elementor-clearfix\">\n\t\t\t\t<p>Devenez un(e) ambassadeur de La Vie en Rose.<br \/>Aidez nous \u00e0 propager la joie et le bonheur.<br \/>Et laissez une empreinte positive sur le monde.<\/p>\t\t\t\t\t<\/div>\n\t\t\t\t\t\t<\/div>\n\t\t\t\t<\/div>\n\t\t\t\t<div class=\"elementor-element elementor-element-4257334 elementor-widget elementor-widget-heading\" data-id=\"4257334\" data-element_type=\"widget\" data-widget_type=\"heading.default\">\n\t\t\t\t<div class=\"elementor-widget-container\">\n\t\t\t<h2 class=\"elementor-heading-title elementor-size-default\">COMMENT DEVENIR AMBASSADEUR?<\/h2>\t\t<\/div>\n\t\t\t\t<\/div>\n\t\t\t\t<div class=\"elementor-element elementor-element-9f9f17f mb0 elementor-widget elementor-widget-text-editor\" data-id=\"9f9f17f\" data-element_type=\"widget\" data-widget_type=\"text-editor.default\">\n\t\t\t\t<div class=\"elementor-widget-container\">\n\t\t\t\t\t\t\t\t<div class=\"elementor-text-editor elementor-clearfix\">\n\t\t\t\t<p><i class=\"fas fa-caret-right\"><\/i> VOUS \u00caTES UN(E) ARTISTE\/MARQUE?<\/p>\t\t\t\t\t<\/div>\n\t\t\t\t\t\t<\/div>\n\t\t\t\t<\/div>\n\t\t\t\t<div class=\"elementor-element elementor-element-015a092 elementor-widget__width-initial mlra elementor-widget elementor-widget-text-editor\" data-id=\"015a092\" data-element_type=\"widget\" data-widget_type=\"text-editor.default\">\n\t\t\t\t<div class=\"elementor-widget-container\">\n\t\t\t\t\t\t\t\t<div class=\"elementor-text-editor elementor-clearfix\">\n\t\t\t\t<p>Vous partagez notre \u00e9tat d\u2019esprit?<br \/>Parrainez une action de la Vie en Rose, ou cr\u00e9ons un partenariat autour d\u2019un but commun!<\/p>\t\t\t\t\t<\/div>\n\t\t\t\t\t\t<\/div>\n\t\t\t\t<\/div>\n\t\t\t\t<div class=\"elementor-element elementor-element-47f1f30 elementor-widget__width-initial mlra elementor-widget elementor-widget-text-editor\" data-id=\"47f1f30\" data-element_type=\"widget\" data-widget_type=\"text-editor.default\">\n\t\t\t\t<div class=\"elementor-widget-container\">\n\t\t\t\t\t\t\t\t<div class=\"elementor-text-editor elementor-clearfix\">\n\t\t\t\t<p style=\"text-align: center;\"><em>Collaborations pr\u00e9c\u00e9dentes:<\/em><br \/><em>Mauboussin, Izipizi, Camille Enrico, Diane Ducasse et l\u2019artiste Marie Serruya.<\/em><\/p>\t\t\t\t\t<\/div>\n\t\t\t\t\t\t<\/div>\n\t\t\t\t<\/div>\n\t\t\t\t<div class=\"elementor-element elementor-element-f50cb7f elementor-widget__width-initial mb0 elementor-widget elementor-widget-text-editor\" data-id=\"f50cb7f\" data-element_type=\"widget\" data-widget_type=\"text-editor.default\">\n\t\t\t\t<div class=\"elementor-widget-container\">\n\t\t\t\t\t\t\t\t<div class=\"elementor-text-editor elementor-clearfix\">\n\t\t\t\t<p><i class=\"fas fa-caret-right\"><\/i> VOUS \u00caTES UNE ENTREPRISE?<\/p>\t\t\t\t\t<\/div>\n\t\t\t\t\t\t<\/div>\n\t\t\t\t<\/div>\n\t\t\t\t<div class=\"elementor-element elementor-element-c46c2c0 mlra elementor-widget__width-initial elementor-widget elementor-widget-text-editor\" data-id=\"c46c2c0\" data-element_type=\"widget\" data-widget_type=\"text-editor.default\">\n\t\t\t\t<div class=\"elementor-widget-container\">\n\t\t\t\t\t\t\t\t<div class=\"elementor-text-editor elementor-clearfix\">\n\t\t\t\t<p>Offrez une conf\u00e9rence sur le bonheur, la performance et le bien-\u00eatre au travail, avec Manuella, la pr\u00e9sidente de \u201cLa Vie en Rose\u201d et recevez le PINK LABEL (le Label du Bonheur).<\/p>\t\t\t\t\t<\/div>\n\t\t\t\t\t\t<\/div>\n\t\t\t\t<\/div>\n\t\t\t\t<div class=\"elementor-element elementor-element-da3058b mb0 elementor-widget elementor-widget-text-editor\" data-id=\"da3058b\" data-element_type=\"widget\" data-widget_type=\"text-editor.default\">\n\t\t\t\t<div class=\"elementor-widget-container\">\n\t\t\t\t\t\t\t\t<div class=\"elementor-text-editor elementor-clearfix\">\n\t\t\t\t<p><i class=\"fas fa-caret-right\"><\/i> VOUS \u00caTES UN INFLUENCEUR\/YOUTUBEUR?<\/p>\t\t\t\t\t<\/div>\n\t\t\t\t\t\t<\/div>\n\t\t\t\t<\/div>\n\t\t\t\t<div class=\"elementor-element elementor-element-ec33a9b mlra elementor-widget__width-initial elementor-widget elementor-widget-text-editor\" data-id=\"ec33a9b\" data-element_type=\"widget\" data-widget_type=\"text-editor.default\">\n\t\t\t\t<div class=\"elementor-widget-container\">\n\t\t\t\t\t\t\t\t<div class=\"elementor-text-editor elementor-clearfix\">\n\t\t\t\t<p>Partagez nos vid\u00e9os et bookez des entretiens exclusifs avec notre pr\u00e9sidente. D\u00e9couvrez les secrets d\u2019une vie plus rose et du potentiel illimit\u00e9 du cerveau!<\/p>\t\t\t\t\t<\/div>\n\t\t\t\t\t\t<\/div>\n\t\t\t\t<\/div>\n\t\t\t\t<div class=\"elementor-element elementor-element-506a0ae mb0 elementor-widget elementor-widget-text-editor\" data-id=\"506a0ae\" data-element_type=\"widget\" data-widget_type=\"text-editor.default\">\n\t\t\t\t<div class=\"elementor-widget-container\">\n\t\t\t\t\t\t\t\t<div class=\"elementor-text-editor elementor-clearfix\">\n\t\t\t\t<p><i class=\"fas fa-caret-right\"><\/i> \u00caTES-VOUS UN HOMME OU UNE FEMME QUI INCARNE LA VIE EN ROSE?<\/p>\t\t\t\t\t<\/div>\n\t\t\t\t\t\t<\/div>\n\t\t\t\t<\/div>\n\t\t\t\t<div class=\"elementor-element elementor-element-6f4d5ac elementor-widget__width-initial mb0 mlra elementor-widget elementor-widget-text-editor\" data-id=\"6f4d5ac\" data-element_type=\"widget\" data-widget_type=\"text-editor.default\">\n\t\t\t\t<div class=\"elementor-widget-container\">\n\t\t\t\t\t\t\t\t<div class=\"elementor-text-editor elementor-clearfix\">\n\t\t\t\t<p>Vous \u00eates engag\u00e9(e) pour l\u2019autonomisation des femmes, le leadership f\u00e9minin, oser l\u2019impossible, r\u00e9pandre le bonheur\u2026<\/p>\t\t\t\t\t<\/div>\n\t\t\t\t\t\t<\/div>\n\t\t\t\t<\/div>\n\t\t\t\t<div class=\"elementor-element elementor-element-639da06 elementor-widget__width-initial mlra elementor-widget elementor-widget-text-editor\" data-id=\"639da06\" data-element_type=\"widget\" data-widget_type=\"text-editor.default\">\n\t\t\t\t<div class=\"elementor-widget-container\">\n\t\t\t\t\t\t\t\t<div class=\"elementor-text-editor elementor-clearfix\">\n\t\t\t\t<p>Faites une Pink Interview avec notre marraine la journaliste Julia Sieger, et rejoignez la communaut\u00e9 des <b>PINK&nbsp;LEADERS<\/b>, une force inspirante pour les femmes et le monde.<\/p>\t\t\t\t\t<\/div>\n\t\t\t\t\t\t<\/div>\n\t\t\t\t<\/div>\n\t\t\t\t<div class=\"elementor-element elementor-element-2e084a8 elementor-align-center elementor-widget elementor-widget-button\" data-id=\"2e084a8\" data-element_type=\"widget\" data-widget_type=\"button.default\">\n\t\t\t\t<div class=\"elementor-widget-container\">\n\t\t\t\t\t<div class=\"elementor-button-wrapper\">\n\t\t\t<a href=\"#contactform\" target=\"_blank\" class=\"elementor-button-link elementor-button elementor-size-xl\" role=\"button\">\n\t\t\t\t\t\t<span class=\"elementor-button-content-wrapper\">\n\t\t\t\t\t\t<span class=\"elementor-button-text\">CONTACTEZ-NOUS<\/span>\n\t\t<\/span>\n\t\t\t\t\t<\/a>\n\t\t<\/div>\n\t\t\t\t<\/div>\n\t\t\t\t<\/div>\n\t\t\t\t<div class=\"elementor-element elementor-element-4fb7940 elementor-widget elementor-widget-heading\" data-id=\"4fb7940\" data-element_type=\"widget\" data-widget_type=\"heading.default\">\n\t\t\t\t<div class=\"elementor-widget-container\">\n\t\t\t<h2 class=\"elementor-heading-title elementor-size-default\">NOTRE CADEAU POUR LES AMBASSADEURS<\/h2>\t\t<\/div>\n\t\t\t\t<\/div>\n\t\t\t\t<div class=\"elementor-element elementor-element-b96ec08 elementor-widget__width-initial mlra elementor-widget elementor-widget-text-editor\" data-id=\"b96ec08\" data-element_type=\"widget\" data-widget_type=\"text-editor.default\">\n\t\t\t\t<div class=\"elementor-widget-container\">\n\t\t\t\t\t\t\t\t<div class=\"elementor-text-editor elementor-clearfix\">\n\t\t\t\t<p>Une session personnalis\u00e9e vous est offerte avec Manuella, notre pr\u00e9sidente.<\/p><p>Vivez une exp\u00e9rience unique au monde : <br \/>l&#8217;activation instantan\u00e9e de votre potentiel (de Vitalit\u00e9 , de Joie, de Bonheur etc\u2026)<\/p>\t\t\t\t\t<\/div>\n\t\t\t\t\t\t<\/div>\n\t\t\t\t<\/div>\n\t\t\t\t<div class=\"elementor-element elementor-element-74a7fee elementor-align-center elementor-widget elementor-widget-button\" data-id=\"74a7fee\" data-element_type=\"widget\" data-widget_type=\"button.default\">\n\t\t\t\t<div class=\"elementor-widget-container\">\n\t\t\t\t\t<div class=\"elementor-button-wrapper\">\n\t\t\t<a href=\"\/mes-techniques\" class=\"elementor-button-link elementor-button elementor-size-xl\" role=\"button\">\n\t\t\t\t\t\t<span class=\"elementor-button-content-wrapper\">\n\t\t\t\t\t\t<span class=\"elementor-button-text\">EN SAVOIR PLUS<\/span>\n\t\t<\/span>\n\t\t\t\t\t<\/a>\n\t\t<\/div>\n\t\t\t\t<\/div>\n\t\t\t\t<\/div>\n\t\t\t\t<div class=\"elementor-element elementor-element-31928d9 elementor-widget__width-initial mb0 mlra elementor-widget elementor-widget-text-editor\" data-id=\"31928d9\" data-element_type=\"widget\" data-widget_type=\"text-editor.default\">\n\t\t\t\t<div class=\"elementor-widget-container\">\n\t\t\t\t\t\t\t\t<div class=\"elementor-text-editor elementor-clearfix\">\n\t\t\t\t<p><span style=\"font-weight: 400;\"># TOUS UNIS POUR UN MONDE MEILLEUR<\/span><\/p>\t\t\t\t\t<\/div>\n\t\t\t\t\t\t<\/div>\n\t\t\t\t<\/div>\n\t\t\t\t<div class=\"elementor-element elementor-element-e2594f9 elementor-widget elementor-widget-heading\" data-id=\"e2594f9\" data-element_type=\"widget\" data-widget_type=\"heading.default\">\n\t\t\t\t<div class=\"elementor-widget-container\">\n\t\t\t<h2 class=\"elementor-heading-title elementor-size-default\">CONTRIBUONS ENSEMBLE \u00c0 UN AVENIR PLUS RADIEUX!<\/h2>\t\t<\/div>\n\t\t\t\t<\/div>\n\t\t\t\t\t\t<\/div>\n\t\t\t\t\t<\/div>\n\t\t<\/div>\n\t\t\t\t\t\t\t\t<\/div>\n\t\t\t\t\t<\/div>\n\t\t<\/section>\n\t\t\t\t\t\t\t\t\t<\/div>\n\t\t\t<\/div>\n\t\t\t\t\t<\/div>\n\t\t","protected":false},"excerpt":{"rendered":"<p>DEVENIR AMBASSADEUR ENSEMBLE, NOUS POUVONS CONSTRUIRE UN MONDE MEILLEUR. Devenez un(e) ambassadeur de La Vie en Rose.Aidez nous \u00e0 propager la joie et le bonheur.Et laissez une empreinte positive sur le monde. COMMENT DEVENIR AMBASSADEUR? VOUS \u00caTES UN(E) ARTISTE\/MARQUE? Vous partagez notre \u00e9tat d\u2019esprit?Parrainez une action de la Vie en Rose, ou cr\u00e9ons un partenariat &hellip;<\/p>\n<p class=\"read-more\"> <a class=\"\" href=\"https:\/\/la-vie-en-rose.vifordis.fr\/fr\/become-ambassador\/\"> <span class=\"screen-reader-text\">Devenir Ambassadeur<\/span> Lire la suite\u00a0\u00bb<\/a><\/p>\n","protected":false},"author":2,"featured_media":0,"parent":0,"menu_order":0,"comment_status":"closed","ping_status":"closed","template":"","meta":{"site-sidebar-layout":"no-sidebar","site-content-layout":"page-builder","ast-global-header-display":"","ast-main-header-display":"","ast-hfb-above-header-display":"","ast-hfb-below-header-display":"","ast-hfb-mobile-header-display":"","site-post-title":"disabled","ast-breadcrumbs-content":"","ast-featured-img":"disabled","footer-sml-layout":"","theme-transparent-header-meta":"","adv-header-id-meta":"","stick-header-meta":"","header-above-stick-meta":"","header-main-stick-meta":"","header-below-stick-meta":"","footnotes":""},"yoast_head":"<!-- This site is optimized with the Yoast SEO plugin v22.2 - https:\/\/yoast.com\/wordpress\/plugins\/seo\/ -->\n<title>Devenir Ambassadeur - La Vie en Rose<\/title>\n<meta name=\"robots\" content=\"index, follow, max-snippet:-1, max-image-preview:large, max-video-preview:-1\" \/>\n<link rel=\"canonical\" href=\"https:\/\/la-vie-en-rose.vifordis.fr\/fr\/become-ambassador\/\" \/>\n<meta property=\"og:locale\" content=\"fr_FR\" \/>\n<meta property=\"og:type\" content=\"article\" \/>\n<meta property=\"og:title\" content=\"Devenir Ambassadeur - La Vie en Rose\" \/>\n<meta property=\"og:description\" content=\"DEVENIR AMBASSADEUR ENSEMBLE, NOUS POUVONS CONSTRUIRE UN MONDE MEILLEUR. Devenez un(e) ambassadeur de La Vie en Rose.Aidez nous \u00e0 propager la joie et le bonheur.Et laissez une empreinte positive sur le monde. COMMENT DEVENIR AMBASSADEUR? VOUS \u00caTES UN(E) ARTISTE\/MARQUE? Vous partagez notre \u00e9tat d\u2019esprit?Parrainez une action de la Vie en Rose, ou cr\u00e9ons un partenariat &hellip; Devenir Ambassadeur Lire la suite\u00a0\u00bb\" \/>\n<meta property=\"og:url\" content=\"https:\/\/la-vie-en-rose.vifordis.fr\/fr\/become-ambassador\/\" \/>\n<meta property=\"og:site_name\" content=\"La Vie en Rose\" \/>\n<meta property=\"article:publisher\" content=\"https:\/\/www.facebook.com\/l4liberty\" \/>\n<meta property=\"article:modified_time\" content=\"2023-09-25T17:41:05+00:00\" \/>\n<meta name=\"twitter:card\" content=\"summary_large_image\" \/>\n<meta name=\"twitter:label1\" content=\"Dur\u00e9e de lecture estim\u00e9e\" \/>\n\t<meta name=\"twitter:data1\" content=\"2 minutes\" \/>\n<script type=\"application\/ld+json\" class=\"yoast-schema-graph\">{\"@context\":\"https:\/\/schema.org\",\"@graph\":[{\"@type\":\"WebPage\",\"@id\":\"https:\/\/la-vie-en-rose.vifordis.fr\/fr\/become-ambassador\/\",\"url\":\"https:\/\/la-vie-en-rose.vifordis.fr\/fr\/become-ambassador\/\",\"name\":\"Devenir Ambassadeur - La Vie en Rose\",\"isPartOf\":{\"@id\":\"https:\/\/la-vie-en-rose.vifordis.fr\/fr\/#website\"},\"datePublished\":\"2023-03-19T17:39:23+00:00\",\"dateModified\":\"2023-09-25T17:41:05+00:00\",\"breadcrumb\":{\"@id\":\"https:\/\/la-vie-en-rose.vifordis.fr\/fr\/become-ambassador\/#breadcrumb\"},\"inLanguage\":\"fr-FR\",\"potentialAction\":[{\"@type\":\"ReadAction\",\"target\":[\"https:\/\/la-vie-en-rose.vifordis.fr\/fr\/become-ambassador\/\"]}]},{\"@type\":\"BreadcrumbList\",\"@id\":\"https:\/\/la-vie-en-rose.vifordis.fr\/fr\/become-ambassador\/#breadcrumb\",\"itemListElement\":[{\"@type\":\"ListItem\",\"position\":1,\"name\":\"Home\",\"item\":\"https:\/\/la-vie-en-rose.vifordis.fr\/fr\/\"},{\"@type\":\"ListItem\",\"position\":2,\"name\":\"Devenir Ambassadeur\"}]},{\"@type\":\"WebSite\",\"@id\":\"https:\/\/la-vie-en-rose.vifordis.fr\/fr\/#website\",\"url\":\"https:\/\/la-vie-en-rose.vifordis.fr\/fr\/\",\"name\":\"La Vie en Rose\",\"description\":\"\",\"publisher\":{\"@id\":\"https:\/\/la-vie-en-rose.vifordis.fr\/fr\/#organization\"},\"potentialAction\":[{\"@type\":\"SearchAction\",\"target\":{\"@type\":\"EntryPoint\",\"urlTemplate\":\"https:\/\/la-vie-en-rose.vifordis.fr\/fr\/?s={search_term_string}\"},\"query-input\":\"required name=search_term_string\"}],\"inLanguage\":\"fr-FR\"},{\"@type\":\"Organization\",\"@id\":\"https:\/\/la-vie-en-rose.vifordis.fr\/fr\/#organization\",\"name\":\"La Vie en Rose Association\",\"url\":\"https:\/\/la-vie-en-rose.vifordis.fr\/fr\/\",\"logo\":{\"@type\":\"ImageObject\",\"inLanguage\":\"fr-FR\",\"@id\":\"https:\/\/la-vie-en-rose.vifordis.fr\/fr\/#\/schema\/logo\/image\/\",\"url\":\"https:\/\/la-vie-en-rose.vifordis.fr\/wp-content\/uploads\/2022\/07\/Long-Logo-2.png\",\"contentUrl\":\"https:\/\/la-vie-en-rose.vifordis.fr\/wp-content\/uploads\/2022\/07\/Long-Logo-2.png\",\"width\":3289,\"height\":978,\"caption\":\"La Vie en Rose Association\"},\"image\":{\"@id\":\"https:\/\/la-vie-en-rose.vifordis.fr\/fr\/#\/schema\/logo\/image\/\"},\"sameAs\":[\"https:\/\/www.facebook.com\/l4liberty\",\"https:\/\/www.instagram.com\/l.for.liberty\/\",\"https:\/\/www.youtube.com\/channel\/UCZDhe3BCIlFZOuv5XdO4rLA\"]}]}<\/script>\n<!-- \/ Yoast SEO plugin. -->","yoast_head_json":{"title":"Devenir Ambassadeur - La Vie en Rose","robots":{"index":"index","follow":"follow","max-snippet":"max-snippet:-1","max-image-preview":"max-image-preview:large","max-video-preview":"max-video-preview:-1"},"canonical":"https:\/\/la-vie-en-rose.vifordis.fr\/fr\/become-ambassador\/","og_locale":"fr_FR","og_type":"article","og_title":"Devenir Ambassadeur - La Vie en Rose","og_description":"DEVENIR AMBASSADEUR ENSEMBLE, NOUS POUVONS CONSTRUIRE UN MONDE MEILLEUR. Devenez un(e) ambassadeur de La Vie en Rose.Aidez nous \u00e0 propager la joie et le bonheur.Et laissez une empreinte positive sur le monde. COMMENT DEVENIR AMBASSADEUR? VOUS \u00caTES UN(E) ARTISTE\/MARQUE? Vous partagez notre \u00e9tat d\u2019esprit?Parrainez une action de la Vie en Rose, ou cr\u00e9ons un partenariat &hellip; Devenir Ambassadeur Lire la suite\u00a0\u00bb","og_url":"https:\/\/la-vie-en-rose.vifordis.fr\/fr\/become-ambassador\/","og_site_name":"La Vie en Rose","article_publisher":"https:\/\/www.facebook.com\/l4liberty","article_modified_time":"2023-09-25T17:41:05+00:00","twitter_card":"summary_large_image","twitter_misc":{"Dur\u00e9e de lecture estim\u00e9e":"2 minutes"},"schema":{"@context":"https:\/\/schema.org","@graph":[{"@type":"WebPage","@id":"https:\/\/la-vie-en-rose.vifordis.fr\/fr\/become-ambassador\/","url":"https:\/\/la-vie-en-rose.vifordis.fr\/fr\/become-ambassador\/","name":"Devenir Ambassadeur - La Vie en Rose","isPartOf":{"@id":"https:\/\/la-vie-en-rose.vifordis.fr\/fr\/#website"},"datePublished":"2023-03-19T17:39:23+00:00","dateModified":"2023-09-25T17:41:05+00:00","breadcrumb":{"@id":"https:\/\/la-vie-en-rose.vifordis.fr\/fr\/become-ambassador\/#breadcrumb"},"inLanguage":"fr-FR","potentialAction":[{"@type":"ReadAction","target":["https:\/\/la-vie-en-rose.vifordis.fr\/fr\/become-ambassador\/"]}]},{"@type":"BreadcrumbList","@id":"https:\/\/la-vie-en-rose.vifordis.fr\/fr\/become-ambassador\/#breadcrumb","itemListElement":[{"@type":"ListItem","position":1,"name":"Home","item":"https:\/\/la-vie-en-rose.vifordis.fr\/fr\/"},{"@type":"ListItem","position":2,"name":"Devenir Ambassadeur"}]},{"@type":"WebSite","@id":"https:\/\/la-vie-en-rose.vifordis.fr\/fr\/#website","url":"https:\/\/la-vie-en-rose.vifordis.fr\/fr\/","name":"La Vie en Rose","description":"","publisher":{"@id":"https:\/\/la-vie-en-rose.vifordis.fr\/fr\/#organization"},"potentialAction":[{"@type":"SearchAction","target":{"@type":"EntryPoint","urlTemplate":"https:\/\/la-vie-en-rose.vifordis.fr\/fr\/?s={search_term_string}"},"query-input":"required name=search_term_string"}],"inLanguage":"fr-FR"},{"@type":"Organization","@id":"https:\/\/la-vie-en-rose.vifordis.fr\/fr\/#organization","name":"La Vie en Rose Association","url":"https:\/\/la-vie-en-rose.vifordis.fr\/fr\/","logo":{"@type":"ImageObject","inLanguage":"fr-FR","@id":"https:\/\/la-vie-en-rose.vifordis.fr\/fr\/#\/schema\/logo\/image\/","url":"https:\/\/la-vie-en-rose.vifordis.fr\/wp-content\/uploads\/2022\/07\/Long-Logo-2.png","contentUrl":"https:\/\/la-vie-en-rose.vifordis.fr\/wp-content\/uploads\/2022\/07\/Long-Logo-2.png","width":3289,"height":978,"caption":"La Vie en Rose Association"},"image":{"@id":"https:\/\/la-vie-en-rose.vifordis.fr\/fr\/#\/schema\/logo\/image\/"},"sameAs":["https:\/\/www.facebook.com\/l4liberty","https:\/\/www.instagram.com\/l.for.liberty\/","https:\/\/www.youtube.com\/channel\/UCZDhe3BCIlFZOuv5XdO4rLA"]}]}},"_links":{"self":[{"href":"https:\/\/la-vie-en-rose.vifordis.fr\/fr\/wp-json\/wp\/v2\/pages\/2223"}],"collection":[{"href":"https:\/\/la-vie-en-rose.vifordis.fr\/fr\/wp-json\/wp\/v2\/pages"}],"about":[{"href":"https:\/\/la-vie-en-rose.vifordis.fr\/fr\/wp-json\/wp\/v2\/types\/page"}],"author":[{"embeddable":true,"href":"https:\/\/la-vie-en-rose.vifordis.fr\/fr\/wp-json\/wp\/v2\/users\/2"}],"replies":[{"embeddable":true,"href":"https:\/\/la-vie-en-rose.vifordis.fr\/fr\/wp-json\/wp\/v2\/comments?post=2223"}],"version-history":[{"count":10,"href":"https:\/\/la-vie-en-rose.vifordis.fr\/fr\/wp-json\/wp\/v2\/pages\/2223\/revisions"}],"predecessor-version":[{"id":4194,"href":"https:\/\/la-vie-en-rose.vifordis.fr\/fr\/wp-json\/wp\/v2\/pages\/2223\/revisions\/4194"}],"wp:attachment":[{"href":"https:\/\/la-vie-en-rose.vifordis.fr\/fr\/wp-json\/wp\/v2\/media?parent=2223"}],"curies":[{"name":"wp","href":"https:\/\/api.w.org\/{rel}","templated":true}]}}