{"id":3377,"date":"2023-08-04T17:24:05","date_gmt":"2023-08-04T17:24:05","guid":{"rendered":"https:\/\/pink.flywheelstaging.com\/?page_id=3377"},"modified":"2024-01-11T18:42:12","modified_gmt":"2024-01-11T18:42:12","slug":"mes-techniques","status":"publish","type":"page","link":"https:\/\/la-vie-en-rose.vifordis.fr\/fr\/mes-techniques\/","title":{"rendered":"Mes techniques"},"content":{"rendered":"\t\t<div data-elementor-type=\"wp-page\" data-elementor-id=\"3377\" class=\"elementor elementor-3377\">\n\t\t\t\t\t\t<div class=\"elementor-inner\">\n\t\t\t\t<div class=\"elementor-section-wrap\">\n\t\t\t\t\t\t\t\t\t<section class=\"elementor-section elementor-top-section elementor-element elementor-element-83d5bd4 elementor-section-boxed elementor-section-height-default elementor-section-height-default\" data-id=\"83d5bd4\" data-element_type=\"section\" data-settings=\"{&quot;background_background&quot;:&quot;classic&quot;}\">\n\t\t\t\t\t\t<div class=\"elementor-container elementor-column-gap-default\">\n\t\t\t\t\t\t\t<div class=\"elementor-row\">\n\t\t\t\t\t<div class=\"elementor-column elementor-col-100 elementor-top-column elementor-element elementor-element-d9beaf8\" data-id=\"d9beaf8\" data-element_type=\"column\">\n\t\t\t<div class=\"elementor-column-wrap\">\n\t\t\t\t\t\t\t<div class=\"elementor-widget-wrap\">\n\t\t\t\t\t\t\t\t<\/div>\n\t\t\t\t\t<\/div>\n\t\t<\/div>\n\t\t\t\t\t\t\t\t<\/div>\n\t\t\t\t\t<\/div>\n\t\t<\/section>\n\t\t\t\t<section class=\"elementor-section elementor-top-section elementor-element elementor-element-49cc53a elementor-section-boxed elementor-section-height-default elementor-section-height-default\" data-id=\"49cc53a\" data-element_type=\"section\">\n\t\t\t\t\t\t<div class=\"elementor-container elementor-column-gap-default\">\n\t\t\t\t\t\t\t<div class=\"elementor-row\">\n\t\t\t\t\t<div class=\"elementor-column elementor-col-100 elementor-top-column elementor-element elementor-element-0a13b91\" data-id=\"0a13b91\" data-element_type=\"column\">\n\t\t\t<div class=\"elementor-column-wrap elementor-element-populated\">\n\t\t\t\t\t\t\t<div class=\"elementor-widget-wrap\">\n\t\t\t\t\t\t<div class=\"elementor-element elementor-element-8874882 elementor-widget elementor-widget-heading\" data-id=\"8874882\" data-element_type=\"widget\" data-widget_type=\"heading.default\">\n\t\t\t\t<div class=\"elementor-widget-container\">\n\t\t\t<h1 class=\"elementor-heading-title elementor-size-default\">MES TECHNIQUES<\/h1>\t\t<\/div>\n\t\t\t\t<\/div>\n\t\t\t\t<div class=\"elementor-element elementor-element-9f0e7b9 elementor-widget-divider--view-line elementor-widget elementor-widget-divider\" data-id=\"9f0e7b9\" data-element_type=\"widget\" data-widget_type=\"divider.default\">\n\t\t\t\t<div class=\"elementor-widget-container\">\n\t\t\t\t\t<div class=\"elementor-divider\">\n\t\t\t<span class=\"elementor-divider-separator\">\n\t\t\t\t\t\t<\/span>\n\t\t<\/div>\n\t\t\t\t<\/div>\n\t\t\t\t<\/div>\n\t\t\t\t\t\t<\/div>\n\t\t\t\t\t<\/div>\n\t\t<\/div>\n\t\t\t\t\t\t\t\t<\/div>\n\t\t\t\t\t<\/div>\n\t\t<\/section>\n\t\t\t\t<section class=\"elementor-section elementor-top-section elementor-element elementor-element-6d6ee9b elementor-section-boxed elementor-section-height-default elementor-section-height-default\" data-id=\"6d6ee9b\" data-element_type=\"section\">\n\t\t\t\t\t\t<div class=\"elementor-container elementor-column-gap-default\">\n\t\t\t\t\t\t\t<div class=\"elementor-row\">\n\t\t\t\t\t<div class=\"elementor-column elementor-col-100 elementor-top-column elementor-element elementor-element-229df61\" data-id=\"229df61\" data-element_type=\"column\">\n\t\t\t<div class=\"elementor-column-wrap elementor-element-populated\">\n\t\t\t\t\t\t\t<div class=\"elementor-widget-wrap\">\n\t\t\t\t\t\t<div class=\"elementor-element elementor-element-5344592 elementor-widget elementor-widget-heading\" data-id=\"5344592\" data-element_type=\"widget\" data-widget_type=\"heading.default\">\n\t\t\t\t<div class=\"elementor-widget-container\">\n\t\t\t<h3 class=\"elementor-heading-title elementor-size-default\">Les techniques utilis\u00e9es par Manuella avec les sportifs de haut niveau et quelques hommes et femmes d'affaires sont d'une nature hautement CONFIDENTIELLE.<\/h3>\t\t<\/div>\n\t\t\t\t<\/div>\n\t\t\t\t\t\t<\/div>\n\t\t\t\t\t<\/div>\n\t\t<\/div>\n\t\t\t\t\t\t\t\t<\/div>\n\t\t\t\t\t<\/div>\n\t\t<\/section>\n\t\t\t\t<section class=\"elementor-section elementor-top-section elementor-element elementor-element-62cfeab elementor-section-boxed elementor-section-height-default elementor-section-height-default\" data-id=\"62cfeab\" data-element_type=\"section\">\n\t\t\t\t\t\t<div class=\"elementor-container elementor-column-gap-default\">\n\t\t\t\t\t\t\t<div class=\"elementor-row\">\n\t\t\t\t\t<div class=\"elementor-column elementor-col-100 elementor-top-column elementor-element elementor-element-e5c2078\" data-id=\"e5c2078\" data-element_type=\"column\">\n\t\t\t<div class=\"elementor-column-wrap elementor-element-populated\">\n\t\t\t\t\t\t\t<div class=\"elementor-widget-wrap\">\n\t\t\t\t\t\t<div class=\"elementor-element elementor-element-d60d057 elementor-widget elementor-widget-text-editor\" data-id=\"d60d057\" data-element_type=\"widget\" data-widget_type=\"text-editor.default\">\n\t\t\t\t<div class=\"elementor-widget-container\">\n\t\t\t\t\t\t\t\t<div class=\"elementor-text-editor elementor-clearfix\">\n\t\t\t\t<p>Fruit de <strong>30 ann\u00e9es de recherche<\/strong> men\u00e9es par un pionnier visionnaire, ces m\u00e9thodes r\u00e9volutionnaires allient connaissances ancestrales et r\u00e9centes avanc\u00e9es en <strong>neurosciences<\/strong>.<\/p>\t\t\t\t\t<\/div>\n\t\t\t\t\t\t<\/div>\n\t\t\t\t<\/div>\n\t\t\t\t<div class=\"elementor-element elementor-element-d2e3b36 elementor-widget elementor-widget-text-editor\" data-id=\"d2e3b36\" data-element_type=\"widget\" data-widget_type=\"text-editor.default\">\n\t\t\t\t<div class=\"elementor-widget-container\">\n\t\t\t\t\t\t\t\t<div class=\"elementor-text-editor elementor-clearfix\">\n\t\t\t\t<p>Elles activent instantan\u00e9ment des fonctions et des<strong> secrets du corps humain<\/strong>, permettant \u00e0 tout individu de surpasser ses limites et d&#8217;acc\u00e9der \u00e0 une Force Vitale Sup\u00e9rieure.<\/p>\t\t\t\t\t<\/div>\n\t\t\t\t\t\t<\/div>\n\t\t\t\t<\/div>\n\t\t\t\t<div class=\"elementor-element elementor-element-f159db1 elementor-widget elementor-widget-spacer\" data-id=\"f159db1\" data-element_type=\"widget\" data-widget_type=\"spacer.default\">\n\t\t\t\t<div class=\"elementor-widget-container\">\n\t\t\t\t\t<div class=\"elementor-spacer\">\n\t\t\t<div class=\"elementor-spacer-inner\"><\/div>\n\t\t<\/div>\n\t\t\t\t<\/div>\n\t\t\t\t<\/div>\n\t\t\t\t\t\t<\/div>\n\t\t\t\t\t<\/div>\n\t\t<\/div>\n\t\t\t\t\t\t\t\t<\/div>\n\t\t\t\t\t<\/div>\n\t\t<\/section>\n\t\t\t\t\t\t\t\t\t<\/div>\n\t\t\t<\/div>\n\t\t\t\t\t<\/div>\n\t\t","protected":false},"excerpt":{"rendered":"<p>MES TECHNIQUES Les techniques utilis\u00e9es par Manuella avec les sportifs de haut niveau et quelques hommes et femmes d&#8217;affaires sont d&#8217;une nature hautement CONFIDENTIELLE. Fruit de 30 ann\u00e9es de recherche men\u00e9es par un pionnier visionnaire, ces m\u00e9thodes r\u00e9volutionnaires allient connaissances ancestrales et r\u00e9centes avanc\u00e9es en neurosciences. Elles activent instantan\u00e9ment des fonctions et des secrets du &hellip;<\/p>\n<p class=\"read-more\"> <a class=\"\" href=\"https:\/\/la-vie-en-rose.vifordis.fr\/fr\/mes-techniques\/\"> <span class=\"screen-reader-text\">Mes techniques<\/span> Lire la suite\u00a0\u00bb<\/a><\/p>\n","protected":false},"author":3,"featured_media":0,"parent":0,"menu_order":0,"comment_status":"closed","ping_status":"closed","template":"","meta":{"site-sidebar-layout":"no-sidebar","site-content-layout":"page-builder","ast-global-header-display":"","ast-main-header-display":"","ast-hfb-above-header-display":"","ast-hfb-below-header-display":"","ast-hfb-mobile-header-display":"","site-post-title":"disabled","ast-breadcrumbs-content":"","ast-featured-img":"disabled","footer-sml-layout":"","theme-transparent-header-meta":"default","adv-header-id-meta":"","stick-header-meta":"","header-above-stick-meta":"","header-main-stick-meta":"","header-below-stick-meta":"","footnotes":""},"yoast_head":"<!-- This site is optimized with the Yoast SEO plugin v22.2 - https:\/\/yoast.com\/wordpress\/plugins\/seo\/ -->\n<title>Mes techniques - La Vie en Rose<\/title>\n<meta name=\"robots\" content=\"index, follow, max-snippet:-1, max-image-preview:large, max-video-preview:-1\" \/>\n<link rel=\"canonical\" href=\"https:\/\/la-vie-en-rose.vifordis.fr\/fr\/mes-techniques\/\" \/>\n<meta property=\"og:locale\" content=\"fr_FR\" \/>\n<meta property=\"og:type\" content=\"article\" \/>\n<meta property=\"og:title\" content=\"Mes techniques - La Vie en Rose\" \/>\n<meta property=\"og:description\" content=\"MES TECHNIQUES Les techniques utilis\u00e9es par Manuella avec les sportifs de haut niveau et quelques hommes et femmes d&#8217;affaires sont d&#8217;une nature hautement CONFIDENTIELLE. Fruit de 30 ann\u00e9es de recherche men\u00e9es par un pionnier visionnaire, ces m\u00e9thodes r\u00e9volutionnaires allient connaissances ancestrales et r\u00e9centes avanc\u00e9es en neurosciences. Elles activent instantan\u00e9ment des fonctions et des secrets du &hellip; Mes techniques Lire la suite\u00a0\u00bb\" \/>\n<meta property=\"og:url\" content=\"https:\/\/la-vie-en-rose.vifordis.fr\/fr\/mes-techniques\/\" \/>\n<meta property=\"og:site_name\" content=\"La Vie en Rose\" \/>\n<meta property=\"article:publisher\" content=\"https:\/\/www.facebook.com\/l4liberty\" \/>\n<meta property=\"article:modified_time\" content=\"2024-01-11T18:42:12+00:00\" \/>\n<meta name=\"twitter:card\" content=\"summary_large_image\" \/>\n<meta name=\"twitter:label1\" content=\"Dur\u00e9e de lecture estim\u00e9e\" \/>\n\t<meta name=\"twitter:data1\" content=\"1 minute\" \/>\n<script type=\"application\/ld+json\" class=\"yoast-schema-graph\">{\"@context\":\"https:\/\/schema.org\",\"@graph\":[{\"@type\":\"WebPage\",\"@id\":\"https:\/\/la-vie-en-rose.vifordis.fr\/fr\/mes-techniques\/\",\"url\":\"https:\/\/la-vie-en-rose.vifordis.fr\/fr\/mes-techniques\/\",\"name\":\"Mes techniques - La Vie en Rose\",\"isPartOf\":{\"@id\":\"https:\/\/la-vie-en-rose.vifordis.fr\/fr\/#website\"},\"datePublished\":\"2023-08-04T17:24:05+00:00\",\"dateModified\":\"2024-01-11T18:42:12+00:00\",\"breadcrumb\":{\"@id\":\"https:\/\/la-vie-en-rose.vifordis.fr\/fr\/mes-techniques\/#breadcrumb\"},\"inLanguage\":\"fr-FR\",\"potentialAction\":[{\"@type\":\"ReadAction\",\"target\":[\"https:\/\/la-vie-en-rose.vifordis.fr\/fr\/mes-techniques\/\"]}]},{\"@type\":\"BreadcrumbList\",\"@id\":\"https:\/\/la-vie-en-rose.vifordis.fr\/fr\/mes-techniques\/#breadcrumb\",\"itemListElement\":[{\"@type\":\"ListItem\",\"position\":1,\"name\":\"Home\",\"item\":\"https:\/\/la-vie-en-rose.vifordis.fr\/fr\/\"},{\"@type\":\"ListItem\",\"position\":2,\"name\":\"Mes techniques\"}]},{\"@type\":\"WebSite\",\"@id\":\"https:\/\/la-vie-en-rose.vifordis.fr\/fr\/#website\",\"url\":\"https:\/\/la-vie-en-rose.vifordis.fr\/fr\/\",\"name\":\"La Vie en Rose\",\"description\":\"\",\"publisher\":{\"@id\":\"https:\/\/la-vie-en-rose.vifordis.fr\/fr\/#organization\"},\"potentialAction\":[{\"@type\":\"SearchAction\",\"target\":{\"@type\":\"EntryPoint\",\"urlTemplate\":\"https:\/\/la-vie-en-rose.vifordis.fr\/fr\/?s={search_term_string}\"},\"query-input\":\"required name=search_term_string\"}],\"inLanguage\":\"fr-FR\"},{\"@type\":\"Organization\",\"@id\":\"https:\/\/la-vie-en-rose.vifordis.fr\/fr\/#organization\",\"name\":\"La Vie en Rose Association\",\"url\":\"https:\/\/la-vie-en-rose.vifordis.fr\/fr\/\",\"logo\":{\"@type\":\"ImageObject\",\"inLanguage\":\"fr-FR\",\"@id\":\"https:\/\/la-vie-en-rose.vifordis.fr\/fr\/#\/schema\/logo\/image\/\",\"url\":\"https:\/\/la-vie-en-rose.vifordis.fr\/wp-content\/uploads\/2022\/07\/Long-Logo-2.png\",\"contentUrl\":\"https:\/\/la-vie-en-rose.vifordis.fr\/wp-content\/uploads\/2022\/07\/Long-Logo-2.png\",\"width\":3289,\"height\":978,\"caption\":\"La Vie en Rose Association\"},\"image\":{\"@id\":\"https:\/\/la-vie-en-rose.vifordis.fr\/fr\/#\/schema\/logo\/image\/\"},\"sameAs\":[\"https:\/\/www.facebook.com\/l4liberty\",\"https:\/\/www.instagram.com\/l.for.liberty\/\",\"https:\/\/www.youtube.com\/channel\/UCZDhe3BCIlFZOuv5XdO4rLA\"]}]}<\/script>\n<!-- \/ Yoast SEO plugin. -->","yoast_head_json":{"title":"Mes techniques - La Vie en Rose","robots":{"index":"index","follow":"follow","max-snippet":"max-snippet:-1","max-image-preview":"max-image-preview:large","max-video-preview":"max-video-preview:-1"},"canonical":"https:\/\/la-vie-en-rose.vifordis.fr\/fr\/mes-techniques\/","og_locale":"fr_FR","og_type":"article","og_title":"Mes techniques - La Vie en Rose","og_description":"MES TECHNIQUES Les techniques utilis\u00e9es par Manuella avec les sportifs de haut niveau et quelques hommes et femmes d&#8217;affaires sont d&#8217;une nature hautement CONFIDENTIELLE. Fruit de 30 ann\u00e9es de recherche men\u00e9es par un pionnier visionnaire, ces m\u00e9thodes r\u00e9volutionnaires allient connaissances ancestrales et r\u00e9centes avanc\u00e9es en neurosciences. Elles activent instantan\u00e9ment des fonctions et des secrets du &hellip; Mes techniques Lire la suite\u00a0\u00bb","og_url":"https:\/\/la-vie-en-rose.vifordis.fr\/fr\/mes-techniques\/","og_site_name":"La Vie en Rose","article_publisher":"https:\/\/www.facebook.com\/l4liberty","article_modified_time":"2024-01-11T18:42:12+00:00","twitter_card":"summary_large_image","twitter_misc":{"Dur\u00e9e de lecture estim\u00e9e":"1 minute"},"schema":{"@context":"https:\/\/schema.org","@graph":[{"@type":"WebPage","@id":"https:\/\/la-vie-en-rose.vifordis.fr\/fr\/mes-techniques\/","url":"https:\/\/la-vie-en-rose.vifordis.fr\/fr\/mes-techniques\/","name":"Mes techniques - La Vie en Rose","isPartOf":{"@id":"https:\/\/la-vie-en-rose.vifordis.fr\/fr\/#website"},"datePublished":"2023-08-04T17:24:05+00:00","dateModified":"2024-01-11T18:42:12+00:00","breadcrumb":{"@id":"https:\/\/la-vie-en-rose.vifordis.fr\/fr\/mes-techniques\/#breadcrumb"},"inLanguage":"fr-FR","potentialAction":[{"@type":"ReadAction","target":["https:\/\/la-vie-en-rose.vifordis.fr\/fr\/mes-techniques\/"]}]},{"@type":"BreadcrumbList","@id":"https:\/\/la-vie-en-rose.vifordis.fr\/fr\/mes-techniques\/#breadcrumb","itemListElement":[{"@type":"ListItem","position":1,"name":"Home","item":"https:\/\/la-vie-en-rose.vifordis.fr\/fr\/"},{"@type":"ListItem","position":2,"name":"Mes techniques"}]},{"@type":"WebSite","@id":"https:\/\/la-vie-en-rose.vifordis.fr\/fr\/#website","url":"https:\/\/la-vie-en-rose.vifordis.fr\/fr\/","name":"La Vie en Rose","description":"","publisher":{"@id":"https:\/\/la-vie-en-rose.vifordis.fr\/fr\/#organization"},"potentialAction":[{"@type":"SearchAction","target":{"@type":"EntryPoint","urlTemplate":"https:\/\/la-vie-en-rose.vifordis.fr\/fr\/?s={search_term_string}"},"query-input":"required name=search_term_string"}],"inLanguage":"fr-FR"},{"@type":"Organization","@id":"https:\/\/la-vie-en-rose.vifordis.fr\/fr\/#organization","name":"La Vie en Rose Association","url":"https:\/\/la-vie-en-rose.vifordis.fr\/fr\/","logo":{"@type":"ImageObject","inLanguage":"fr-FR","@id":"https:\/\/la-vie-en-rose.vifordis.fr\/fr\/#\/schema\/logo\/image\/","url":"https:\/\/la-vie-en-rose.vifordis.fr\/wp-content\/uploads\/2022\/07\/Long-Logo-2.png","contentUrl":"https:\/\/la-vie-en-rose.vifordis.fr\/wp-content\/uploads\/2022\/07\/Long-Logo-2.png","width":3289,"height":978,"caption":"La Vie en Rose Association"},"image":{"@id":"https:\/\/la-vie-en-rose.vifordis.fr\/fr\/#\/schema\/logo\/image\/"},"sameAs":["https:\/\/www.facebook.com\/l4liberty","https:\/\/www.instagram.com\/l.for.liberty\/","https:\/\/www.youtube.com\/channel\/UCZDhe3BCIlFZOuv5XdO4rLA"]}]}},"_links":{"self":[{"href":"https:\/\/la-vie-en-rose.vifordis.fr\/fr\/wp-json\/wp\/v2\/pages\/3377"}],"collection":[{"href":"https:\/\/la-vie-en-rose.vifordis.fr\/fr\/wp-json\/wp\/v2\/pages"}],"about":[{"href":"https:\/\/la-vie-en-rose.vifordis.fr\/fr\/wp-json\/wp\/v2\/types\/page"}],"author":[{"embeddable":true,"href":"https:\/\/la-vie-en-rose.vifordis.fr\/fr\/wp-json\/wp\/v2\/users\/3"}],"replies":[{"embeddable":true,"href":"https:\/\/la-vie-en-rose.vifordis.fr\/fr\/wp-json\/wp\/v2\/comments?post=3377"}],"version-history":[{"count":10,"href":"https:\/\/la-vie-en-rose.vifordis.fr\/fr\/wp-json\/wp\/v2\/pages\/3377\/revisions"}],"predecessor-version":[{"id":4318,"href":"https:\/\/la-vie-en-rose.vifordis.fr\/fr\/wp-json\/wp\/v2\/pages\/3377\/revisions\/4318"}],"wp:attachment":[{"href":"https:\/\/la-vie-en-rose.vifordis.fr\/fr\/wp-json\/wp\/v2\/media?parent=3377"}],"curies":[{"name":"wp","href":"https:\/\/api.w.org\/{rel}","templated":true}]}}